{"id":5145,"date":"2022-03-22T11:41:54","date_gmt":"2022-03-22T15:41:54","guid":{"rendered":"https:\/\/chateaudulac.ca\/rejoignez-notre-equipe\/"},"modified":"2026-04-20T09:17:37","modified_gmt":"2026-04-20T13:17:37","slug":"recrutement","status":"publish","type":"page","link":"https:\/\/chateaudulac.ca\/fr\/recrutement\/","title":{"rendered":"Recrutement"},"content":{"rendered":"\t\t<div data-elementor-type=\"wp-page\" data-elementor-id=\"5145\" class=\"elementor elementor-5145 elementor-3495\">\n\t\t\t\t\t\t<section class=\"elementor-section elementor-top-section elementor-element elementor-element-997320a elementor-section-boxed elementor-section-height-default elementor-section-height-default sc_fly_static\" data-id=\"997320a\" data-element_type=\"section\" data-e-type=\"section\">\n\t\t\t\t\t\t<div class=\"elementor-container elementor-column-gap-extended\">\n\t\t\t\t\t<div class=\"elementor-column elementor-col-100 elementor-top-column elementor-element elementor-element-7a9f7cd sc_content_align_inherit sc_layouts_column_icons_position_left sc_fly_static\" data-id=\"7a9f7cd\" data-element_type=\"column\" data-e-type=\"column\">\n\t\t\t<div class=\"elementor-widget-wrap elementor-element-populated\">\n\t\t\t\t\t\t<div class=\"elementor-element elementor-element-ef5e33d sc_fly_static elementor-widget elementor-widget-heading\" data-id=\"ef5e33d\" data-element_type=\"widget\" data-e-type=\"widget\" data-widget_type=\"heading.default\">\n\t\t\t\t<div class=\"elementor-widget-container\">\n\t\t\t\t\t<h2 class=\"elementor-heading-title elementor-size-default\">Rejoignez notre \u00e9quipe<\/h2>\t\t\t\t<\/div>\n\t\t\t\t<\/div>\n\t\t\t\t\t<\/div>\n\t\t<\/div>\n\t\t\t\t\t<\/div>\n\t\t<\/section>\n\t\t\t\t<section class=\"elementor-section elementor-top-section elementor-element elementor-element-595ffd5 elementor-section-boxed elementor-section-height-default elementor-section-height-default sc_fly_static\" data-id=\"595ffd5\" data-element_type=\"section\" data-e-type=\"section\">\n\t\t\t\t\t\t<div class=\"elementor-container elementor-column-gap-extended\">\n\t\t\t\t\t<div class=\"elementor-column elementor-col-100 elementor-top-column elementor-element elementor-element-0920c27 sc_content_align_inherit sc_layouts_column_icons_position_left sc_fly_static\" data-id=\"0920c27\" data-element_type=\"column\" data-e-type=\"column\">\n\t\t\t<div class=\"elementor-widget-wrap\">\n\t\t\t\t\t\t\t<\/div>\n\t\t<\/div>\n\t\t\t\t\t<\/div>\n\t\t<\/section>\n\t\t\t\t<section class=\"elementor-section elementor-top-section elementor-element elementor-element-f9e782c elementor-section-boxed elementor-section-height-default elementor-section-height-default sc_fly_static\" data-id=\"f9e782c\" data-element_type=\"section\" data-e-type=\"section\">\n\t\t\t\t\t\t<div class=\"elementor-container elementor-column-gap-extended\">\n\t\t\t\t\t<div class=\"elementor-column elementor-col-100 elementor-top-column elementor-element elementor-element-4cfbfeb sc_content_align_inherit sc_layouts_column_icons_position_left sc_fly_static\" data-id=\"4cfbfeb\" data-element_type=\"column\" data-e-type=\"column\">\n\t\t\t<div class=\"elementor-widget-wrap elementor-element-populated\">\n\t\t\t\t\t\t<div class=\"elementor-element elementor-element-f6a18cf sc_fly_static elementor-widget elementor-widget-spacer\" data-id=\"f6a18cf\" data-element_type=\"widget\" data-e-type=\"widget\" data-widget_type=\"spacer.default\">\n\t\t\t\t<div class=\"elementor-widget-container\">\n\t\t\t\t\t\t\t<div class=\"elementor-spacer\">\n\t\t\t<div class=\"elementor-spacer-inner\"><\/div>\n\t\t<\/div>\n\t\t\t\t\t\t<\/div>\n\t\t\t\t<\/div>\n\t\t\t\t<div class=\"elementor-element elementor-element-117902e sc_fly_static elementor-widget elementor-widget-text-editor\" data-id=\"117902e\" data-element_type=\"widget\" data-e-type=\"widget\" data-widget_type=\"text-editor.default\">\n\t\t\t\t<div class=\"elementor-widget-container\">\n\t\t\t\t\t\t\t\t\t<p><strong>Nous recherchons constamment du personnel qualifi\u00e9 pour renforcer l&rsquo;\u00e9quipe du Chateau du Lac.<\/strong> <br><strong>Veuillez remplir ce formulaire et joindre votre CV; nous vous contacterons.<\/strong><\/p><p><img fetchpriority=\"high\" decoding=\"async\" class=\"alignnone size-full wp-image-2154\" src=\"https:\/\/chateaudulac.ca\/wp-content\/uploads\/2020\/04\/slider1-slide3-copyright.jpg\" alt=\"\" width=\"1920\" height=\"805\" srcset=\"https:\/\/chateaudulac.ca\/wp-content\/uploads\/2020\/04\/slider1-slide3-copyright.jpg 1920w, https:\/\/chateaudulac.ca\/wp-content\/uploads\/2020\/04\/slider1-slide3-copyright-300x126.jpg 300w, https:\/\/chateaudulac.ca\/wp-content\/uploads\/2020\/04\/slider1-slide3-copyright-1024x429.jpg 1024w, https:\/\/chateaudulac.ca\/wp-content\/uploads\/2020\/04\/slider1-slide3-copyright-768x322.jpg 768w, https:\/\/chateaudulac.ca\/wp-content\/uploads\/2020\/04\/slider1-slide3-copyright-200x84.jpg 200w, https:\/\/chateaudulac.ca\/wp-content\/uploads\/2020\/04\/slider1-slide3-copyright-1536x644.jpg 1536w, https:\/\/chateaudulac.ca\/wp-content\/uploads\/2020\/04\/slider1-slide3-copyright-370x155.jpg 370w, https:\/\/chateaudulac.ca\/wp-content\/uploads\/2020\/04\/slider1-slide3-copyright-760x319.jpg 760w, https:\/\/chateaudulac.ca\/wp-content\/uploads\/2020\/04\/slider1-slide3-copyright-600x252.jpg 600w\" sizes=\"(max-width: 1920px) 100vw, 1920px\" \/><\/p>\t\t\t\t\t\t\t\t<\/div>\n\t\t\t\t<\/div>\n\t\t\t\t<div class=\"elementor-element elementor-element-73573e9 sc_fly_static elementor-widget elementor-widget-spacer\" data-id=\"73573e9\" data-element_type=\"widget\" data-e-type=\"widget\" data-widget_type=\"spacer.default\">\n\t\t\t\t<div class=\"elementor-widget-container\">\n\t\t\t\t\t\t\t<div class=\"elementor-spacer\">\n\t\t\t<div class=\"elementor-spacer-inner\"><\/div>\n\t\t<\/div>\n\t\t\t\t\t\t<\/div>\n\t\t\t\t<\/div>\n\t\t\t\t\t<\/div>\n\t\t<\/div>\n\t\t\t\t\t<\/div>\n\t\t<\/section>\n\t\t\t\t<section class=\"elementor-section elementor-top-section elementor-element elementor-element-08cf98c elementor-section-boxed elementor-section-height-default elementor-section-height-default sc_fly_static\" data-id=\"08cf98c\" data-element_type=\"section\" data-e-type=\"section\">\n\t\t\t\t\t\t<div class=\"elementor-container elementor-column-gap-extended\">\n\t\t\t\t\t<div class=\"elementor-column elementor-col-100 elementor-top-column elementor-element elementor-element-98f704f sc_content_align_inherit sc_layouts_column_icons_position_left sc_fly_static\" data-id=\"98f704f\" data-element_type=\"column\" data-e-type=\"column\">\n\t\t\t<div class=\"elementor-widget-wrap elementor-element-populated\">\n\t\t\t\t\t\t<div class=\"elementor-element elementor-element-3f3b653 sc_fly_static elementor-widget elementor-widget-text-editor\" data-id=\"3f3b653\" data-element_type=\"widget\" data-e-type=\"widget\" data-widget_type=\"text-editor.default\">\n\t\t\t\t<div class=\"elementor-widget-container\">\n\t\t\t\t\t\t\t\t\t<h4>Formulaire de candidature<\/h4><p>\n<div class=\"wpcf7 no-js\" id=\"wpcf7-f5731-o1\" lang=\"en-CA\" dir=\"ltr\" data-wpcf7-id=\"5731\">\n<div class=\"screen-reader-response\"><p role=\"status\" aria-live=\"polite\" aria-atomic=\"true\"><\/p> <ul><\/ul><\/div>\n<form action=\"\/fr\/wp-json\/wp\/v2\/pages\/5145#wpcf7-f5731-o1\" method=\"post\" class=\"wpcf7-form init\" aria-label=\"Contact form\" enctype=\"multipart\/form-data\" novalidate=\"novalidate\" data-status=\"init\">\n<fieldset class=\"hidden-fields-container\"><input type=\"hidden\" name=\"_wpcf7\" value=\"5731\" \/><input type=\"hidden\" name=\"_wpcf7_version\" value=\"6.1.5\" \/><input type=\"hidden\" name=\"_wpcf7_locale\" value=\"en_CA\" \/><input type=\"hidden\" name=\"_wpcf7_unit_tag\" value=\"wpcf7-f5731-o1\" \/><input type=\"hidden\" name=\"_wpcf7_container_post\" value=\"0\" \/><input type=\"hidden\" name=\"_wpcf7_posted_data_hash\" value=\"\" \/><input type=\"hidden\" name=\"_wpcf7_recaptcha_response\" value=\"\" \/>\n<\/fieldset>\n<label> Votre nom :\n    <span class=\"wpcf7-form-control-wrap\" data-name=\"your-name\"><input size=\"40\" maxlength=\"400\" class=\"wpcf7-form-control wpcf7-text wpcf7-validates-as-required\" aria-required=\"true\" aria-invalid=\"false\" value=\"\" type=\"text\" name=\"your-name\" \/><\/span> <\/label>\n\n<label> Courriel :\n    <span class=\"wpcf7-form-control-wrap\" data-name=\"your-email\"><input size=\"40\" maxlength=\"400\" class=\"wpcf7-form-control wpcf7-email wpcf7-validates-as-required wpcf7-text wpcf7-validates-as-email\" aria-required=\"true\" aria-invalid=\"false\" value=\"\" type=\"email\" name=\"your-email\" \/><\/span> <\/label>\n\n<label> T\u00e9l\u00e9phone :\n<span class=\"wpcf7-form-control-wrap\" data-name=\"phonenumber\"><input size=\"40\" maxlength=\"400\" class=\"wpcf7-form-control wpcf7-tel wpcf7-validates-as-required wpcf7-text wpcf7-validates-as-tel\" aria-required=\"true\" aria-invalid=\"false\" value=\"\" type=\"tel\" name=\"phonenumber\" \/><\/span><\/label>\n\n<label> Sujet :\n    <span class=\"wpcf7-form-control-wrap\" data-name=\"your-subject\"><input size=\"40\" maxlength=\"400\" class=\"wpcf7-form-control wpcf7-text wpcf7-validates-as-required\" aria-required=\"true\" aria-invalid=\"false\" value=\"\" type=\"text\" name=\"your-subject\" \/><\/span> <\/label>\n\n<p>Le poste souhait\u00e9 : <br \/><br \/><span class=\"wpcf7-form-control-wrap\" data-name=\"position\"><span class=\"wpcf7-form-control wpcf7-checkbox wpcf7-validates-as-required\"><span class=\"wpcf7-list-item first\"><label><input type=\"checkbox\" name=\"position[]\" value=\"barman\/barmaid\" \/><span class=\"wpcf7-list-item-label\">barman\/barmaid<\/span><\/label><\/span><span class=\"wpcf7-list-item\"><label><input type=\"checkbox\" name=\"position[]\" value=\"d\u00e9barasseur(se)\" \/><span class=\"wpcf7-list-item-label\">d\u00e9barasseur(se)<\/span><\/label><\/span><span class=\"wpcf7-list-item last\"><label><input type=\"checkbox\" name=\"position[]\" value=\"serveur(se)\" \/><span class=\"wpcf7-list-item-label\">serveur(se)<\/span><\/label><\/span><\/span><\/span> <\/p>\n\n<label> Parlez-nous de votre exp\u00e9rience :  <span class=\"wpcf7-form-control-wrap\" data-name=\"your-message\"><textarea cols=\"40\" rows=\"10\" maxlength=\"2000\" class=\"wpcf7-form-control wpcf7-textarea\" aria-invalid=\"false\" name=\"your-message\"><\/textarea><\/span> <\/label>\n\n<span class=\"wpcf7-form-control-wrap\" data-name=\"CV\"><input size=\"40\" class=\"wpcf7-form-control wpcf7-file\" accept=\".pdf,.doc\" aria-invalid=\"false\" type=\"file\" name=\"CV\" \/><\/span>\n\n<input class=\"wpcf7-form-control wpcf7-submit has-spinner\" type=\"submit\" value=\"Soumettre\" \/><div class=\"wpcf7-response-output\" aria-hidden=\"true\"><\/div>\n<\/form>\n<\/div>\n<\/p>\t\t\t\t\t\t\t\t<\/div>\n\t\t\t\t<\/div>\n\t\t\t\t<div class=\"elementor-element elementor-element-3427011 sc_fly_static elementor-widget elementor-widget-spacer\" data-id=\"3427011\" data-element_type=\"widget\" data-e-type=\"widget\" data-widget_type=\"spacer.default\">\n\t\t\t\t<div class=\"elementor-widget-container\">\n\t\t\t\t\t\t\t<div class=\"elementor-spacer\">\n\t\t\t<div class=\"elementor-spacer-inner\"><\/div>\n\t\t<\/div>\n\t\t\t\t\t\t<\/div>\n\t\t\t\t<\/div>\n\t\t\t\t\t<\/div>\n\t\t<\/div>\n\t\t\t\t\t<\/div>\n\t\t<\/section>\n\t\t\t\t<section class=\"elementor-section elementor-top-section elementor-element elementor-element-b46586d elementor-section-boxed elementor-section-height-default elementor-section-height-default sc_fly_static\" data-id=\"b46586d\" data-element_type=\"section\" data-e-type=\"section\">\n\t\t\t\t\t\t<div class=\"elementor-container elementor-column-gap-extended\">\n\t\t\t\t\t<div class=\"elementor-column elementor-col-66 elementor-top-column elementor-element elementor-element-721378f sc_content_align_inherit sc_layouts_column_icons_position_left sc_fly_static\" data-id=\"721378f\" data-element_type=\"column\" data-e-type=\"column\">\n\t\t\t<div class=\"elementor-widget-wrap\">\n\t\t\t\t\t\t\t<\/div>\n\t\t<\/div>\n\t\t\t\t<div class=\"elementor-column elementor-col-33 elementor-top-column elementor-element elementor-element-44d2a4e sc_content_align_inherit sc_layouts_column_icons_position_left sc_fly_static\" data-id=\"44d2a4e\" data-element_type=\"column\" data-e-type=\"column\">\n\t\t\t<div class=\"elementor-widget-wrap\">\n\t\t\t\t\t\t\t<\/div>\n\t\t<\/div>\n\t\t\t\t\t<\/div>\n\t\t<\/section>\n\t\t\t\t<\/div>\n\t\t","protected":false},"excerpt":{"rendered":"<p>Rejoignez notre \u00e9quipe Nous recherchons constamment du personnel qualifi\u00e9 pour renforcer l&rsquo;\u00e9quipe du Chateau du Lac. Veuillez remplir ce formulaire et joindre votre CV; nous vous contacterons. Formulaire de candidature<\/p>\n","protected":false},"author":1,"featured_media":0,"parent":0,"menu_order":0,"comment_status":"closed","ping_status":"closed","template":"","meta":{"_coblocks_attr":"","_coblocks_dimensions":"","_coblocks_responsive_height":"","_coblocks_accordion_ie_support":"","_price":"","_stock":"","_tribe_ticket_header":"","_tribe_default_ticket_provider":"","_ticket_start_date":"","_ticket_end_date":"","_tribe_ticket_show_description":"","_tribe_ticket_show_not_going":false,"_tribe_ticket_use_global_stock":"","_tribe_ticket_global_stock_level":"","_global_stock_mode":"","_global_stock_cap":"","_tribe_rsvp_for_event":"","_tribe_ticket_going_count":"","_tribe_ticket_not_going_count":"","_tribe_tickets_list":"[]","_tribe_ticket_has_attendee_info_fields":false,"_EventAllDay":false,"_EventTimezone":"","_EventStartDate":"","_EventEndDate":"","_EventStartDateUTC":"","_EventEndDateUTC":"","_EventShowMap":false,"_EventShowMapLink":false,"_EventURL":"","_EventCost":"","_EventCostDescription":"","_EventCurrencySymbol":"","_EventCurrencyCode":"","_EventCurrencyPosition":"","_EventDateTimeSeparator":"","_EventTimeRangeSeparator":"","_EventOrganizerID":[],"_EventVenueID":[],"_OrganizerEmail":"","_OrganizerPhone":"","_OrganizerWebsite":"","_VenueAddress":"","_VenueCity":"","_VenueCountry":"","_VenueProvince":"","_VenueState":"","_VenueZip":"","_VenuePhone":"","_VenueURL":"","_VenueStateProvince":"","_VenueLat":"","_VenueLng":"","_VenueShowMap":false,"_VenueShowMapLink":false,"footnotes":"","_tec_slr_enabled":"","_tec_slr_layout":""},"class_list":["post-5145","page","type-page","status-publish","hentry"],"yoast_head":"<!-- This site is optimized with the Yoast SEO plugin v27.0 - https:\/\/yoast.com\/product\/yoast-seo-wordpress\/ -->\n<title>Recrutement - Chateau du Lac<\/title>\n<meta name=\"robots\" content=\"index, follow, max-snippet:-1, max-image-preview:large, max-video-preview:-1\" \/>\n<link rel=\"canonical\" href=\"https:\/\/chateaudulac.ca\/fr\/recrutement\/\" \/>\n<meta property=\"og:locale\" content=\"fr_FR\" \/>\n<meta property=\"og:type\" content=\"article\" \/>\n<meta property=\"og:title\" content=\"Recrutement - Chateau du Lac\" \/>\n<meta property=\"og:description\" content=\"Rejoignez notre \u00e9quipe Nous recherchons constamment du personnel qualifi\u00e9 pour renforcer l&rsquo;\u00e9quipe du Chateau du Lac. Veuillez remplir ce formulaire et joindre votre CV; nous vous contacterons. Formulaire de candidature\" \/>\n<meta property=\"og:url\" content=\"https:\/\/chateaudulac.ca\/fr\/recrutement\/\" \/>\n<meta property=\"og:site_name\" content=\"Chateau du Lac\" \/>\n<meta property=\"article:modified_time\" content=\"2026-04-20T13:17:37+00:00\" \/>\n<meta property=\"og:image\" content=\"https:\/\/chateaudulac.ca\/wp-content\/uploads\/2020\/04\/slider1-slide3-copyright.jpg\" \/>\n\t<meta property=\"og:image:width\" content=\"1920\" \/>\n\t<meta property=\"og:image:height\" content=\"805\" \/>\n\t<meta property=\"og:image:type\" content=\"image\/jpeg\" \/>\n<meta name=\"twitter:card\" content=\"summary_large_image\" \/>\n<meta name=\"twitter:label1\" content=\"Dur\u00e9e de lecture estim\u00e9e\" \/>\n\t<meta name=\"twitter:data1\" content=\"1 minute\" \/>\n<script type=\"application\/ld+json\" class=\"yoast-schema-graph\">{\"@context\":\"https:\/\/schema.org\",\"@graph\":[{\"@type\":\"WebPage\",\"@id\":\"https:\/\/chateaudulac.ca\/fr\/recrutement\/\",\"url\":\"https:\/\/chateaudulac.ca\/fr\/recrutement\/\",\"name\":\"Recrutement - Chateau du Lac\",\"isPartOf\":{\"@id\":\"https:\/\/chateaudulac.ca\/#website\"},\"primaryImageOfPage\":{\"@id\":\"https:\/\/chateaudulac.ca\/fr\/recrutement\/#primaryimage\"},\"image\":{\"@id\":\"https:\/\/chateaudulac.ca\/fr\/recrutement\/#primaryimage\"},\"thumbnailUrl\":\"https:\/\/chateaudulac.ca\/wp-content\/uploads\/2020\/04\/slider1-slide3-copyright.jpg\",\"datePublished\":\"2022-03-22T15:41:54+00:00\",\"dateModified\":\"2026-04-20T13:17:37+00:00\",\"breadcrumb\":{\"@id\":\"https:\/\/chateaudulac.ca\/fr\/recrutement\/#breadcrumb\"},\"inLanguage\":\"fr-FR\",\"potentialAction\":[{\"@type\":\"ReadAction\",\"target\":[\"https:\/\/chateaudulac.ca\/fr\/recrutement\/\"]}]},{\"@type\":\"ImageObject\",\"inLanguage\":\"fr-FR\",\"@id\":\"https:\/\/chateaudulac.ca\/fr\/recrutement\/#primaryimage\",\"url\":\"https:\/\/chateaudulac.ca\/wp-content\/uploads\/2020\/04\/slider1-slide3-copyright.jpg\",\"contentUrl\":\"https:\/\/chateaudulac.ca\/wp-content\/uploads\/2020\/04\/slider1-slide3-copyright.jpg\"},{\"@type\":\"BreadcrumbList\",\"@id\":\"https:\/\/chateaudulac.ca\/fr\/recrutement\/#breadcrumb\",\"itemListElement\":[{\"@type\":\"ListItem\",\"position\":1,\"name\":\"Accueil\",\"item\":\"https:\/\/chateaudulac.ca\/fr\/accueil\/\"},{\"@type\":\"ListItem\",\"position\":2,\"name\":\"Recrutement\"}]},{\"@type\":\"WebSite\",\"@id\":\"https:\/\/chateaudulac.ca\/#website\",\"url\":\"https:\/\/chateaudulac.ca\/\",\"name\":\"Chateau du Lac\",\"description\":\"Since 1898\",\"publisher\":{\"@id\":\"https:\/\/chateaudulac.ca\/#organization\"},\"potentialAction\":[{\"@type\":\"SearchAction\",\"target\":{\"@type\":\"EntryPoint\",\"urlTemplate\":\"https:\/\/chateaudulac.ca\/?s={search_term_string}\"},\"query-input\":{\"@type\":\"PropertyValueSpecification\",\"valueRequired\":true,\"valueName\":\"search_term_string\"}}],\"inLanguage\":\"fr-FR\"},{\"@type\":\"Organization\",\"@id\":\"https:\/\/chateaudulac.ca\/#organization\",\"name\":\"Chateau du Lac\",\"url\":\"https:\/\/chateaudulac.ca\/\",\"logo\":{\"@type\":\"ImageObject\",\"inLanguage\":\"fr-FR\",\"@id\":\"https:\/\/chateaudulac.ca\/#\/schema\/logo\/image\/\",\"url\":\"https:\/\/chateaudulac.ca\/wp-content\/uploads\/2019\/07\/ChatLogoTrans.png\",\"contentUrl\":\"https:\/\/chateaudulac.ca\/wp-content\/uploads\/2019\/07\/ChatLogoTrans.png\",\"width\":1346,\"height\":1091,\"caption\":\"Chateau du Lac\"},\"image\":{\"@id\":\"https:\/\/chateaudulac.ca\/#\/schema\/logo\/image\/\"}}]}<\/script>\n<!-- \/ Yoast SEO plugin. -->","yoast_head_json":{"title":"Recrutement - Chateau du Lac","robots":{"index":"index","follow":"follow","max-snippet":"max-snippet:-1","max-image-preview":"max-image-preview:large","max-video-preview":"max-video-preview:-1"},"canonical":"https:\/\/chateaudulac.ca\/fr\/recrutement\/","og_locale":"fr_FR","og_type":"article","og_title":"Recrutement - Chateau du Lac","og_description":"Rejoignez notre \u00e9quipe Nous recherchons constamment du personnel qualifi\u00e9 pour renforcer l&rsquo;\u00e9quipe du Chateau du Lac. Veuillez remplir ce formulaire et joindre votre CV; nous vous contacterons. Formulaire de candidature","og_url":"https:\/\/chateaudulac.ca\/fr\/recrutement\/","og_site_name":"Chateau du Lac","article_modified_time":"2026-04-20T13:17:37+00:00","og_image":[{"width":1920,"height":805,"url":"https:\/\/chateaudulac.ca\/wp-content\/uploads\/2020\/04\/slider1-slide3-copyright.jpg","type":"image\/jpeg"}],"twitter_card":"summary_large_image","twitter_misc":{"Dur\u00e9e de lecture estim\u00e9e":"1 minute"},"schema":{"@context":"https:\/\/schema.org","@graph":[{"@type":"WebPage","@id":"https:\/\/chateaudulac.ca\/fr\/recrutement\/","url":"https:\/\/chateaudulac.ca\/fr\/recrutement\/","name":"Recrutement - Chateau du Lac","isPartOf":{"@id":"https:\/\/chateaudulac.ca\/#website"},"primaryImageOfPage":{"@id":"https:\/\/chateaudulac.ca\/fr\/recrutement\/#primaryimage"},"image":{"@id":"https:\/\/chateaudulac.ca\/fr\/recrutement\/#primaryimage"},"thumbnailUrl":"https:\/\/chateaudulac.ca\/wp-content\/uploads\/2020\/04\/slider1-slide3-copyright.jpg","datePublished":"2022-03-22T15:41:54+00:00","dateModified":"2026-04-20T13:17:37+00:00","breadcrumb":{"@id":"https:\/\/chateaudulac.ca\/fr\/recrutement\/#breadcrumb"},"inLanguage":"fr-FR","potentialAction":[{"@type":"ReadAction","target":["https:\/\/chateaudulac.ca\/fr\/recrutement\/"]}]},{"@type":"ImageObject","inLanguage":"fr-FR","@id":"https:\/\/chateaudulac.ca\/fr\/recrutement\/#primaryimage","url":"https:\/\/chateaudulac.ca\/wp-content\/uploads\/2020\/04\/slider1-slide3-copyright.jpg","contentUrl":"https:\/\/chateaudulac.ca\/wp-content\/uploads\/2020\/04\/slider1-slide3-copyright.jpg"},{"@type":"BreadcrumbList","@id":"https:\/\/chateaudulac.ca\/fr\/recrutement\/#breadcrumb","itemListElement":[{"@type":"ListItem","position":1,"name":"Accueil","item":"https:\/\/chateaudulac.ca\/fr\/accueil\/"},{"@type":"ListItem","position":2,"name":"Recrutement"}]},{"@type":"WebSite","@id":"https:\/\/chateaudulac.ca\/#website","url":"https:\/\/chateaudulac.ca\/","name":"Chateau du Lac","description":"Since 1898","publisher":{"@id":"https:\/\/chateaudulac.ca\/#organization"},"potentialAction":[{"@type":"SearchAction","target":{"@type":"EntryPoint","urlTemplate":"https:\/\/chateaudulac.ca\/?s={search_term_string}"},"query-input":{"@type":"PropertyValueSpecification","valueRequired":true,"valueName":"search_term_string"}}],"inLanguage":"fr-FR"},{"@type":"Organization","@id":"https:\/\/chateaudulac.ca\/#organization","name":"Chateau du Lac","url":"https:\/\/chateaudulac.ca\/","logo":{"@type":"ImageObject","inLanguage":"fr-FR","@id":"https:\/\/chateaudulac.ca\/#\/schema\/logo\/image\/","url":"https:\/\/chateaudulac.ca\/wp-content\/uploads\/2019\/07\/ChatLogoTrans.png","contentUrl":"https:\/\/chateaudulac.ca\/wp-content\/uploads\/2019\/07\/ChatLogoTrans.png","width":1346,"height":1091,"caption":"Chateau du Lac"},"image":{"@id":"https:\/\/chateaudulac.ca\/#\/schema\/logo\/image\/"}}]}},"ticketed":false,"_links":{"self":[{"href":"https:\/\/chateaudulac.ca\/fr\/wp-json\/wp\/v2\/pages\/5145","targetHints":{"allow":["GET"]}}],"collection":[{"href":"https:\/\/chateaudulac.ca\/fr\/wp-json\/wp\/v2\/pages"}],"about":[{"href":"https:\/\/chateaudulac.ca\/fr\/wp-json\/wp\/v2\/types\/page"}],"author":[{"embeddable":true,"href":"https:\/\/chateaudulac.ca\/fr\/wp-json\/wp\/v2\/users\/1"}],"replies":[{"embeddable":true,"href":"https:\/\/chateaudulac.ca\/fr\/wp-json\/wp\/v2\/comments?post=5145"}],"version-history":[{"count":5,"href":"https:\/\/chateaudulac.ca\/fr\/wp-json\/wp\/v2\/pages\/5145\/revisions"}],"predecessor-version":[{"id":5734,"href":"https:\/\/chateaudulac.ca\/fr\/wp-json\/wp\/v2\/pages\/5145\/revisions\/5734"}],"wp:attachment":[{"href":"https:\/\/chateaudulac.ca\/fr\/wp-json\/wp\/v2\/media?parent=5145"}],"curies":[{"name":"wp","href":"https:\/\/api.w.org\/{rel}","templated":true}]}}